{"id":2502,"date":"2025-03-13T16:11:19","date_gmt":"2025-03-13T19:11:19","guid":{"rendered":"https:\/\/loja.hunas.com.br\/index.php\/produto\/pingente-flor\/"},"modified":"2025-03-13T16:11:19","modified_gmt":"2025-03-13T19:11:19","slug":"pingente-flor","status":"publish","type":"product","link":"https:\/\/loja.hunas.com.br\/index.php\/produto\/pingente-flor\/","title":{"rendered":"Pingente flor"},"content":{"rendered":"<p>Pingente feito de alum\u00ednio, um material antioxidante, hipoalerg\u00eanico e f\u00e1cil de limpar.<\/p>\n","protected":false},"excerpt":{"rendered":"<p>Pingente feito de alum\u00ednio, um material antioxidante, hipoalerg\u00eanico e f\u00e1cil de limpar.<\/p>\n","protected":false},"featured_media":2501,"comment_status":"open","ping_status":"closed","template":"","meta":[],"product_brand":[],"product_cat":[56],"product_tag":[57,60,70,69,63,64,72,71,58],"class_list":{"0":"post-2502","1":"product","2":"type-product","3":"status-publish","4":"has-post-thumbnail","6":"product_cat-pingente","7":"product_tag-acessorio","8":"product_tag-aluminio","9":"product_tag-elegancia-2","10":"product_tag-estilo-2","11":"product_tag-hunas-2","12":"product_tag-hunas-acessorios","13":"product_tag-luxo-2","14":"product_tag-moda-2","15":"product_tag-pingente","16":"product_shipping_class-todas","18":"first","19":"instock","20":"shipping-taxable","21":"purchasable","22":"product-type-simple"},"aioseo_notices":[],"jetpack_sharing_enabled":true,"jetpack_likes_enabled":true,"_links":{"self":[{"href":"https:\/\/loja.hunas.com.br\/index.php\/wp-json\/wp\/v2\/product\/2502","targetHints":{"allow":["GET"]}}],"collection":[{"href":"https:\/\/loja.hunas.com.br\/index.php\/wp-json\/wp\/v2\/product"}],"about":[{"href":"https:\/\/loja.hunas.com.br\/index.php\/wp-json\/wp\/v2\/types\/product"}],"replies":[{"embeddable":true,"href":"https:\/\/loja.hunas.com.br\/index.php\/wp-json\/wp\/v2\/comments?post=2502"}],"wp:featuredmedia":[{"embeddable":true,"href":"https:\/\/loja.hunas.com.br\/index.php\/wp-json\/wp\/v2\/media\/2501"}],"wp:attachment":[{"href":"https:\/\/loja.hunas.com.br\/index.php\/wp-json\/wp\/v2\/media?parent=2502"}],"wp:term":[{"taxonomy":"product_brand","embeddable":true,"href":"https:\/\/loja.hunas.com.br\/index.php\/wp-json\/wp\/v2\/product_brand?post=2502"},{"taxonomy":"product_cat","embeddable":true,"href":"https:\/\/loja.hunas.com.br\/index.php\/wp-json\/wp\/v2\/product_cat?post=2502"},{"taxonomy":"product_tag","embeddable":true,"href":"https:\/\/loja.hunas.com.br\/index.php\/wp-json\/wp\/v2\/product_tag?post=2502"}],"curies":[{"name":"wp","href":"https:\/\/api.w.org\/{rel}","templated":true}]}}