{"id":2444,"date":"2025-03-08T13:35:31","date_gmt":"2025-03-08T16:35:31","guid":{"rendered":"https:\/\/loja.hunas.com.br\/?post_type=product&#038;p=2444"},"modified":"2025-03-15T09:32:50","modified_gmt":"2025-03-15T12:32:50","slug":"brinco-redondo","status":"publish","type":"product","link":"https:\/\/loja.hunas.com.br\/index.php\/produto\/brinco-redondo\/","title":{"rendered":"Brinco Redondo"},"content":{"rendered":"<p>Brinco no formato redondo feito de alum\u00ednio, um material antioxidante, hipoalerg\u00eanico e f\u00e1cil de limpar.<\/p>\n","protected":false},"excerpt":{"rendered":"<p>Brinco no formato redondo feito de alum\u00ednio, um material antioxidante, hipoalerg\u00eanico e f\u00e1cil de limpar.<\/p>\n","protected":false},"featured_media":2443,"comment_status":"open","ping_status":"closed","template":"","meta":[],"product_brand":[],"product_cat":[85],"product_tag":[68,57,60,54,70,69,64,72,71],"class_list":{"0":"post-2444","1":"product","2":"type-product","3":"status-publish","4":"has-post-thumbnail","6":"product_cat-brinco-3","7":"product_tag-acessories-2","8":"product_tag-acessorio","9":"product_tag-aluminio","10":"product_tag-brinco-2","11":"product_tag-elegancia-2","12":"product_tag-estilo-2","13":"product_tag-hunas-acessorios","14":"product_tag-luxo-2","15":"product_tag-moda-2","17":"first","18":"instock","19":"shipping-taxable","20":"purchasable","21":"product-type-simple"},"aioseo_notices":[],"jetpack_sharing_enabled":true,"jetpack_likes_enabled":true,"_links":{"self":[{"href":"https:\/\/loja.hunas.com.br\/index.php\/wp-json\/wp\/v2\/product\/2444","targetHints":{"allow":["GET"]}}],"collection":[{"href":"https:\/\/loja.hunas.com.br\/index.php\/wp-json\/wp\/v2\/product"}],"about":[{"href":"https:\/\/loja.hunas.com.br\/index.php\/wp-json\/wp\/v2\/types\/product"}],"replies":[{"embeddable":true,"href":"https:\/\/loja.hunas.com.br\/index.php\/wp-json\/wp\/v2\/comments?post=2444"}],"wp:featuredmedia":[{"embeddable":true,"href":"https:\/\/loja.hunas.com.br\/index.php\/wp-json\/wp\/v2\/media\/2443"}],"wp:attachment":[{"href":"https:\/\/loja.hunas.com.br\/index.php\/wp-json\/wp\/v2\/media?parent=2444"}],"wp:term":[{"taxonomy":"product_brand","embeddable":true,"href":"https:\/\/loja.hunas.com.br\/index.php\/wp-json\/wp\/v2\/product_brand?post=2444"},{"taxonomy":"product_cat","embeddable":true,"href":"https:\/\/loja.hunas.com.br\/index.php\/wp-json\/wp\/v2\/product_cat?post=2444"},{"taxonomy":"product_tag","embeddable":true,"href":"https:\/\/loja.hunas.com.br\/index.php\/wp-json\/wp\/v2\/product_tag?post=2444"}],"curies":[{"name":"wp","href":"https:\/\/api.w.org\/{rel}","templated":true}]}}