{"id":2429,"date":"2025-02-22T16:02:11","date_gmt":"2025-02-22T19:02:11","guid":{"rendered":"https:\/\/loja.hunas.com.br\/?post_type=product&#038;p=2429"},"modified":"2025-02-28T14:36:22","modified_gmt":"2025-02-28T17:36:22","slug":"bracelete-voltas","status":"publish","type":"product","link":"https:\/\/loja.hunas.com.br\/index.php\/produto\/bracelete-voltas\/","title":{"rendered":"Bracelete Voltas"},"content":{"rendered":"<p>O bracelete &#8220;Voltas&#8221; possui 6 voltas e \u00e9 feito de alum\u00ednio, um material resistente \u00e0 corros\u00e3o, um material leve e hipoalerg\u00eanico, al\u00e9m disso tamb\u00e9m \u00e9 f\u00e1cil de limpar.<\/p>\n","protected":false},"excerpt":{"rendered":"<p>O bracelete de alum\u00ednio \u00e9 um acess\u00f3rio leve, dur\u00e1vel e resistente \u00e0 corros\u00e3o. Hipoalerg\u00eanico, \u00e9 seguro para peles sens\u00edveis e est\u00e1 dispon\u00edvel em diversos designs, al\u00e9m de complementar seus looks com eleg\u00e2ncia e estilo.<\/p>\n","protected":false},"featured_media":2427,"comment_status":"open","ping_status":"closed","template":"","meta":[],"product_brand":[],"product_cat":[84,17],"product_tag":[68,57,60,47,64,72,71,53,22],"class_list":{"0":"post-2429","1":"product","2":"type-product","3":"status-publish","4":"has-post-thumbnail","6":"product_cat-pulseira-2","7":"product_cat-bracelete","8":"product_tag-acessories-2","9":"product_tag-acessorio","10":"product_tag-aluminio","11":"product_tag-bracelete","12":"product_tag-hunas-acessorios","13":"product_tag-luxo-2","14":"product_tag-moda-2","15":"product_tag-pulseira","16":"product_tag-acessorios","18":"first","19":"instock","20":"shipping-taxable","21":"purchasable","22":"product-type-simple"},"aioseo_notices":[],"jetpack_sharing_enabled":true,"jetpack_likes_enabled":true,"_links":{"self":[{"href":"https:\/\/loja.hunas.com.br\/index.php\/wp-json\/wp\/v2\/product\/2429","targetHints":{"allow":["GET"]}}],"collection":[{"href":"https:\/\/loja.hunas.com.br\/index.php\/wp-json\/wp\/v2\/product"}],"about":[{"href":"https:\/\/loja.hunas.com.br\/index.php\/wp-json\/wp\/v2\/types\/product"}],"replies":[{"embeddable":true,"href":"https:\/\/loja.hunas.com.br\/index.php\/wp-json\/wp\/v2\/comments?post=2429"}],"wp:featuredmedia":[{"embeddable":true,"href":"https:\/\/loja.hunas.com.br\/index.php\/wp-json\/wp\/v2\/media\/2427"}],"wp:attachment":[{"href":"https:\/\/loja.hunas.com.br\/index.php\/wp-json\/wp\/v2\/media?parent=2429"}],"wp:term":[{"taxonomy":"product_brand","embeddable":true,"href":"https:\/\/loja.hunas.com.br\/index.php\/wp-json\/wp\/v2\/product_brand?post=2429"},{"taxonomy":"product_cat","embeddable":true,"href":"https:\/\/loja.hunas.com.br\/index.php\/wp-json\/wp\/v2\/product_cat?post=2429"},{"taxonomy":"product_tag","embeddable":true,"href":"https:\/\/loja.hunas.com.br\/index.php\/wp-json\/wp\/v2\/product_tag?post=2429"}],"curies":[{"name":"wp","href":"https:\/\/api.w.org\/{rel}","templated":true}]}}