{"id":2423,"date":"2025-02-22T15:59:02","date_gmt":"2025-02-22T18:59:02","guid":{"rendered":"https:\/\/loja.hunas.com.br\/?post_type=product&#038;p=2423"},"modified":"2025-02-28T14:33:28","modified_gmt":"2025-02-28T17:33:28","slug":"bracelete-voltas-2","status":"publish","type":"product","link":"https:\/\/loja.hunas.com.br\/index.php\/produto\/bracelete-voltas-2\/","title":{"rendered":"Bracelete Voltas"},"content":{"rendered":"<p>Bracelete feito de alum\u00ednio, um material hipoalerg\u00eanico, antioxidante, resistente \u00e0 corros\u00e3o e f\u00e1cil de limpar.<\/p>\n","protected":false},"excerpt":{"rendered":"<p>O nosso bracelete de alum\u00ednio \u00e9 um acess\u00f3rio leve, dur\u00e1vel e elegante, ideal para diversas ocasi\u00f5es. Ele \u00e9 resistente \u00e0 corros\u00e3o, hipoalerg\u00eanico e de f\u00e1cil limpeza. Al\u00e9m de complementar os looks com eleg\u00e2ncia!<\/p>\n","protected":false},"featured_media":2421,"comment_status":"open","ping_status":"closed","template":"","meta":[],"product_brand":[],"product_cat":[84,17],"product_tag":[68,57,60,47,70,69,64,72,71],"class_list":{"0":"post-2423","1":"product","2":"type-product","3":"status-publish","4":"has-post-thumbnail","6":"product_cat-pulseira-2","7":"product_cat-bracelete","8":"product_tag-acessories-2","9":"product_tag-acessorio","10":"product_tag-aluminio","11":"product_tag-bracelete","12":"product_tag-elegancia-2","13":"product_tag-estilo-2","14":"product_tag-hunas-acessorios","15":"product_tag-luxo-2","16":"product_tag-moda-2","18":"first","19":"instock","20":"shipping-taxable","21":"purchasable","22":"product-type-simple"},"aioseo_notices":[],"jetpack_sharing_enabled":true,"jetpack_likes_enabled":true,"_links":{"self":[{"href":"https:\/\/loja.hunas.com.br\/index.php\/wp-json\/wp\/v2\/product\/2423","targetHints":{"allow":["GET"]}}],"collection":[{"href":"https:\/\/loja.hunas.com.br\/index.php\/wp-json\/wp\/v2\/product"}],"about":[{"href":"https:\/\/loja.hunas.com.br\/index.php\/wp-json\/wp\/v2\/types\/product"}],"replies":[{"embeddable":true,"href":"https:\/\/loja.hunas.com.br\/index.php\/wp-json\/wp\/v2\/comments?post=2423"}],"wp:featuredmedia":[{"embeddable":true,"href":"https:\/\/loja.hunas.com.br\/index.php\/wp-json\/wp\/v2\/media\/2421"}],"wp:attachment":[{"href":"https:\/\/loja.hunas.com.br\/index.php\/wp-json\/wp\/v2\/media?parent=2423"}],"wp:term":[{"taxonomy":"product_brand","embeddable":true,"href":"https:\/\/loja.hunas.com.br\/index.php\/wp-json\/wp\/v2\/product_brand?post=2423"},{"taxonomy":"product_cat","embeddable":true,"href":"https:\/\/loja.hunas.com.br\/index.php\/wp-json\/wp\/v2\/product_cat?post=2423"},{"taxonomy":"product_tag","embeddable":true,"href":"https:\/\/loja.hunas.com.br\/index.php\/wp-json\/wp\/v2\/product_tag?post=2423"}],"curies":[{"name":"wp","href":"https:\/\/api.w.org\/{rel}","templated":true}]}}