{"id":2385,"date":"2025-02-21T18:21:13","date_gmt":"2025-02-21T21:21:13","guid":{"rendered":"https:\/\/loja.hunas.com.br\/?post_type=product&#038;p=2385"},"modified":"2025-02-27T10:30:36","modified_gmt":"2025-02-27T13:30:36","slug":"anel-globo","status":"publish","type":"product","link":"https:\/\/loja.hunas.com.br\/index.php\/produto\/anel-globo\/","title":{"rendered":"Anel Globo"},"content":{"rendered":"<p>Anel feito no alum\u00ednio, um material hipoalerg\u00eanico, antioxidante e f\u00e1cil de limpar.<\/p>\n<p>Tamanhos: do 17 ao 24<\/p>\n","protected":false},"excerpt":{"rendered":"<p>Anel feito no alum\u00ednio, um material hipoalerg\u00eanico, antioxidante e f\u00e1cil de limpar. Tamanhos: do 17 ao 24<\/p>\n","protected":false},"featured_media":2383,"comment_status":"open","ping_status":"closed","template":"","meta":[],"product_brand":[],"product_cat":[16],"product_tag":[68,57,60,50,70,69,64,72,71,28,31,32],"class_list":{"0":"post-2385","1":"product","2":"type-product","3":"status-publish","4":"has-post-thumbnail","6":"product_cat-anel","7":"product_tag-acessories-2","8":"product_tag-acessorio","9":"product_tag-aluminio","10":"product_tag-anel","11":"product_tag-elegancia-2","12":"product_tag-estilo-2","13":"product_tag-hunas-acessorios","14":"product_tag-luxo-2","15":"product_tag-moda-2","16":"product_tag-exclusividade","17":"product_tag-feitoamao","18":"product_tag-feitocomamor","20":"first","21":"instock","22":"shipping-taxable","23":"purchasable","24":"product-type-simple"},"aioseo_notices":[],"jetpack_sharing_enabled":true,"jetpack_likes_enabled":true,"_links":{"self":[{"href":"https:\/\/loja.hunas.com.br\/index.php\/wp-json\/wp\/v2\/product\/2385","targetHints":{"allow":["GET"]}}],"collection":[{"href":"https:\/\/loja.hunas.com.br\/index.php\/wp-json\/wp\/v2\/product"}],"about":[{"href":"https:\/\/loja.hunas.com.br\/index.php\/wp-json\/wp\/v2\/types\/product"}],"replies":[{"embeddable":true,"href":"https:\/\/loja.hunas.com.br\/index.php\/wp-json\/wp\/v2\/comments?post=2385"}],"wp:featuredmedia":[{"embeddable":true,"href":"https:\/\/loja.hunas.com.br\/index.php\/wp-json\/wp\/v2\/media\/2383"}],"wp:attachment":[{"href":"https:\/\/loja.hunas.com.br\/index.php\/wp-json\/wp\/v2\/media?parent=2385"}],"wp:term":[{"taxonomy":"product_brand","embeddable":true,"href":"https:\/\/loja.hunas.com.br\/index.php\/wp-json\/wp\/v2\/product_brand?post=2385"},{"taxonomy":"product_cat","embeddable":true,"href":"https:\/\/loja.hunas.com.br\/index.php\/wp-json\/wp\/v2\/product_cat?post=2385"},{"taxonomy":"product_tag","embeddable":true,"href":"https:\/\/loja.hunas.com.br\/index.php\/wp-json\/wp\/v2\/product_tag?post=2385"}],"curies":[{"name":"wp","href":"https:\/\/api.w.org\/{rel}","templated":true}]}}