{"id":2382,"date":"2025-02-14T17:15:48","date_gmt":"2025-02-14T20:15:48","guid":{"rendered":"https:\/\/loja.hunas.com.br\/index.php\/produto\/anel-quadrado\/"},"modified":"2025-02-14T17:15:48","modified_gmt":"2025-02-14T20:15:48","slug":"anel-quadrado","status":"publish","type":"product","link":"https:\/\/loja.hunas.com.br\/index.php\/produto\/anel-quadrado\/","title":{"rendered":"Anel Quadrado"},"content":{"rendered":"<p>O anel quadrado \u00e9 feito do material de alum\u00ednio sendo leve e resistente \u00e0 corros\u00e3o, hipoalerg\u00eanico hipoalerg\u00eanico e de f\u00e1cil limpeza.<\/p>\n","protected":false},"excerpt":{"rendered":"<p>O anel quadrado \u00e9 uma pe\u00e7a leve e confort\u00e1vel, \u00e9 ideal para o uso di\u00e1rio e resistente \u00e0 corros\u00e3o, garantindo durabilidade. Alem de ser hipoalerg\u00eanico, \u00e9 seguro para peles sens\u00edveis. Sua versatilidade permite que seja usado sozinho ou em camadas, combinando com diferentes estilos.<\/p>\n<p>Tamanhos: do 17 ao 25<\/p>\n","protected":false},"featured_media":2379,"comment_status":"open","ping_status":"closed","template":"","meta":[],"product_brand":[],"product_cat":[16],"product_tag":[68,57,60,50,70,69,64,72,71,28],"class_list":{"0":"post-2382","1":"product","2":"type-product","3":"status-publish","4":"has-post-thumbnail","6":"product_cat-anel","7":"product_tag-acessories-2","8":"product_tag-acessorio","9":"product_tag-aluminio","10":"product_tag-anel","11":"product_tag-elegancia-2","12":"product_tag-estilo-2","13":"product_tag-hunas-acessorios","14":"product_tag-luxo-2","15":"product_tag-moda-2","16":"product_tag-exclusividade","18":"first","19":"instock","20":"shipping-taxable","21":"purchasable","22":"product-type-simple"},"aioseo_notices":[],"jetpack_sharing_enabled":true,"jetpack_likes_enabled":true,"_links":{"self":[{"href":"https:\/\/loja.hunas.com.br\/index.php\/wp-json\/wp\/v2\/product\/2382","targetHints":{"allow":["GET"]}}],"collection":[{"href":"https:\/\/loja.hunas.com.br\/index.php\/wp-json\/wp\/v2\/product"}],"about":[{"href":"https:\/\/loja.hunas.com.br\/index.php\/wp-json\/wp\/v2\/types\/product"}],"replies":[{"embeddable":true,"href":"https:\/\/loja.hunas.com.br\/index.php\/wp-json\/wp\/v2\/comments?post=2382"}],"wp:featuredmedia":[{"embeddable":true,"href":"https:\/\/loja.hunas.com.br\/index.php\/wp-json\/wp\/v2\/media\/2379"}],"wp:attachment":[{"href":"https:\/\/loja.hunas.com.br\/index.php\/wp-json\/wp\/v2\/media?parent=2382"}],"wp:term":[{"taxonomy":"product_brand","embeddable":true,"href":"https:\/\/loja.hunas.com.br\/index.php\/wp-json\/wp\/v2\/product_brand?post=2382"},{"taxonomy":"product_cat","embeddable":true,"href":"https:\/\/loja.hunas.com.br\/index.php\/wp-json\/wp\/v2\/product_cat?post=2382"},{"taxonomy":"product_tag","embeddable":true,"href":"https:\/\/loja.hunas.com.br\/index.php\/wp-json\/wp\/v2\/product_tag?post=2382"}],"curies":[{"name":"wp","href":"https:\/\/api.w.org\/{rel}","templated":true}]}}