{"id":2378,"date":"2025-02-14T16:43:58","date_gmt":"2025-02-14T19:43:58","guid":{"rendered":"https:\/\/loja.hunas.com.br\/index.php\/produto\/anel-show\/"},"modified":"2025-02-14T16:43:58","modified_gmt":"2025-02-14T19:43:58","slug":"anel-show","status":"publish","type":"product","link":"https:\/\/loja.hunas.com.br\/index.php\/produto\/anel-show\/","title":{"rendered":"Anel Show"},"content":{"rendered":"<p>Anel &#8220;Show&#8221; \u00e9 nosso anel na forma retangular feito de alum\u00ednio, um material leve e antioxidante, al\u00e9m disso \u00e9 hipoalerg\u00eanico e f\u00e1cil de limpar.<\/p>\n","protected":false},"excerpt":{"rendered":"<p>O anel &#8220;Show&#8221; \u00e9 um anel na forma retangular feito no alum\u00ednio sendo um material leve e resistente \u00e0 corros\u00e3o, nosso anel \u00e9 hipoalerg\u00eanico tornando-o seguro para peles sens\u00edveis, al\u00e9m de combinar com qualquer look e qualquer ocasi\u00e3o.<\/p>\n<p>Tamanhos: do 17 ao 25<\/p>\n","protected":false},"featured_media":2374,"comment_status":"open","ping_status":"closed","template":"","meta":[],"product_brand":[],"product_cat":[16],"product_tag":[68,57,60,50,70,69,64,72,71,26,32],"class_list":{"0":"post-2378","1":"product","2":"type-product","3":"status-publish","4":"has-post-thumbnail","6":"product_cat-anel","7":"product_tag-acessories-2","8":"product_tag-acessorio","9":"product_tag-aluminio","10":"product_tag-anel","11":"product_tag-elegancia-2","12":"product_tag-estilo-2","13":"product_tag-hunas-acessorios","14":"product_tag-luxo-2","15":"product_tag-moda-2","16":"product_tag-elegancia","17":"product_tag-feitocomamor","19":"first","20":"instock","21":"shipping-taxable","22":"purchasable","23":"product-type-simple"},"aioseo_notices":[],"jetpack_sharing_enabled":true,"jetpack_likes_enabled":true,"_links":{"self":[{"href":"https:\/\/loja.hunas.com.br\/index.php\/wp-json\/wp\/v2\/product\/2378","targetHints":{"allow":["GET"]}}],"collection":[{"href":"https:\/\/loja.hunas.com.br\/index.php\/wp-json\/wp\/v2\/product"}],"about":[{"href":"https:\/\/loja.hunas.com.br\/index.php\/wp-json\/wp\/v2\/types\/product"}],"replies":[{"embeddable":true,"href":"https:\/\/loja.hunas.com.br\/index.php\/wp-json\/wp\/v2\/comments?post=2378"}],"wp:featuredmedia":[{"embeddable":true,"href":"https:\/\/loja.hunas.com.br\/index.php\/wp-json\/wp\/v2\/media\/2374"}],"wp:attachment":[{"href":"https:\/\/loja.hunas.com.br\/index.php\/wp-json\/wp\/v2\/media?parent=2378"}],"wp:term":[{"taxonomy":"product_brand","embeddable":true,"href":"https:\/\/loja.hunas.com.br\/index.php\/wp-json\/wp\/v2\/product_brand?post=2378"},{"taxonomy":"product_cat","embeddable":true,"href":"https:\/\/loja.hunas.com.br\/index.php\/wp-json\/wp\/v2\/product_cat?post=2378"},{"taxonomy":"product_tag","embeddable":true,"href":"https:\/\/loja.hunas.com.br\/index.php\/wp-json\/wp\/v2\/product_tag?post=2378"}],"curies":[{"name":"wp","href":"https:\/\/api.w.org\/{rel}","templated":true}]}}