{"id":2370,"date":"2025-02-14T15:48:33","date_gmt":"2025-02-14T18:48:33","guid":{"rendered":"https:\/\/loja.hunas.com.br\/index.php\/produto\/anel-open\/"},"modified":"2025-02-14T15:51:55","modified_gmt":"2025-02-14T18:51:55","slug":"anel-open","status":"publish","type":"product","link":"https:\/\/loja.hunas.com.br\/index.php\/produto\/anel-open\/","title":{"rendered":"Anel Open"},"content":{"rendered":"<p>Nosso anel &#8220;Open&#8221; \u00e9 uma joia feita no alum\u00ednio, um material que \u00e9 resistente \u00e0 corros\u00e3o, hipoalerg\u00eanico e f\u00e1cil de limpar e manter limpo.<\/p>\n","protected":false},"excerpt":{"rendered":"<p>O anel Open \u00e9 feito de alum\u00ednio com um furo no meio \u00e9 uma pe\u00e7a inovadora e contempor\u00e2nea, al\u00e9m de ser leve e confort\u00e1vel, \u00e9 ideal para o uso di\u00e1rio pois \u00e9 resistente \u00e0 corros\u00e3o, garantindo durabilidade. Al\u00e9m disso \u00e9 hipoalerg\u00eanico, sendo seguro para peles sens\u00edveis. Sua versatilidade permite que seja usado sozinho ou em camadas, combinando com diferentes estilos!<\/p>\n<p>Tamanhos: do 17 ao 23<\/p>\n","protected":false},"featured_media":2367,"comment_status":"open","ping_status":"closed","template":"","meta":[],"product_brand":[],"product_cat":[16],"product_tag":[68,57,60,50,70,69,64,72,32,36],"class_list":{"0":"post-2370","1":"product","2":"type-product","3":"status-publish","4":"has-post-thumbnail","6":"product_cat-anel","7":"product_tag-acessories-2","8":"product_tag-acessorio","9":"product_tag-aluminio","10":"product_tag-anel","11":"product_tag-elegancia-2","12":"product_tag-estilo-2","13":"product_tag-hunas-acessorios","14":"product_tag-luxo-2","15":"product_tag-feitocomamor","16":"product_tag-londrina","18":"first","19":"instock","20":"shipping-taxable","21":"purchasable","22":"product-type-simple"},"aioseo_notices":[],"jetpack_sharing_enabled":true,"jetpack_likes_enabled":true,"_links":{"self":[{"href":"https:\/\/loja.hunas.com.br\/index.php\/wp-json\/wp\/v2\/product\/2370","targetHints":{"allow":["GET"]}}],"collection":[{"href":"https:\/\/loja.hunas.com.br\/index.php\/wp-json\/wp\/v2\/product"}],"about":[{"href":"https:\/\/loja.hunas.com.br\/index.php\/wp-json\/wp\/v2\/types\/product"}],"replies":[{"embeddable":true,"href":"https:\/\/loja.hunas.com.br\/index.php\/wp-json\/wp\/v2\/comments?post=2370"}],"wp:featuredmedia":[{"embeddable":true,"href":"https:\/\/loja.hunas.com.br\/index.php\/wp-json\/wp\/v2\/media\/2367"}],"wp:attachment":[{"href":"https:\/\/loja.hunas.com.br\/index.php\/wp-json\/wp\/v2\/media?parent=2370"}],"wp:term":[{"taxonomy":"product_brand","embeddable":true,"href":"https:\/\/loja.hunas.com.br\/index.php\/wp-json\/wp\/v2\/product_brand?post=2370"},{"taxonomy":"product_cat","embeddable":true,"href":"https:\/\/loja.hunas.com.br\/index.php\/wp-json\/wp\/v2\/product_cat?post=2370"},{"taxonomy":"product_tag","embeddable":true,"href":"https:\/\/loja.hunas.com.br\/index.php\/wp-json\/wp\/v2\/product_tag?post=2370"}],"curies":[{"name":"wp","href":"https:\/\/api.w.org\/{rel}","templated":true}]}}