{"id":2359,"date":"2025-02-13T19:00:54","date_gmt":"2025-02-13T22:00:54","guid":{"rendered":"https:\/\/loja.hunas.com.br\/?post_type=product&#038;p=2359"},"modified":"2025-02-14T10:05:37","modified_gmt":"2025-02-14T13:05:37","slug":"pulseira-ondas","status":"publish","type":"product","link":"https:\/\/loja.hunas.com.br\/index.php\/produto\/pulseira-ondas\/","title":{"rendered":"Pulseira Ondas"},"content":{"rendered":"<p>Nossa pulseira Ondas \u00e9 feita de alum\u00ednio, sendo um material antioxidante, hipoalerg\u00eanico e facil de limpar.<\/p>\n","protected":false},"excerpt":{"rendered":"<p>Pulseira &#8220;Ondas&#8221; \u00e9 feita de alum\u00ednio, sendo um material antioxidante, que n\u00e3o enferruja, hipoalerg\u00eanico perfeito para peles mais sens\u00edveis e f\u00e1cil de limpar. Complementando o look para todas as ocasi\u00f5es.<\/p>\n","protected":false},"featured_media":2357,"comment_status":"open","ping_status":"closed","template":"","meta":[],"product_brand":[],"product_cat":[84],"product_tag":[68,57,60,70,69,64,72,71,53,32,36],"class_list":{"0":"post-2359","1":"product","2":"type-product","3":"status-publish","4":"has-post-thumbnail","6":"product_cat-pulseira-2","7":"product_tag-acessories-2","8":"product_tag-acessorio","9":"product_tag-aluminio","10":"product_tag-elegancia-2","11":"product_tag-estilo-2","12":"product_tag-hunas-acessorios","13":"product_tag-luxo-2","14":"product_tag-moda-2","15":"product_tag-pulseira","16":"product_tag-feitocomamor","17":"product_tag-londrina","19":"first","20":"instock","21":"shipping-taxable","22":"purchasable","23":"product-type-simple"},"aioseo_notices":[],"jetpack_sharing_enabled":true,"jetpack_likes_enabled":true,"_links":{"self":[{"href":"https:\/\/loja.hunas.com.br\/index.php\/wp-json\/wp\/v2\/product\/2359","targetHints":{"allow":["GET"]}}],"collection":[{"href":"https:\/\/loja.hunas.com.br\/index.php\/wp-json\/wp\/v2\/product"}],"about":[{"href":"https:\/\/loja.hunas.com.br\/index.php\/wp-json\/wp\/v2\/types\/product"}],"replies":[{"embeddable":true,"href":"https:\/\/loja.hunas.com.br\/index.php\/wp-json\/wp\/v2\/comments?post=2359"}],"wp:featuredmedia":[{"embeddable":true,"href":"https:\/\/loja.hunas.com.br\/index.php\/wp-json\/wp\/v2\/media\/2357"}],"wp:attachment":[{"href":"https:\/\/loja.hunas.com.br\/index.php\/wp-json\/wp\/v2\/media?parent=2359"}],"wp:term":[{"taxonomy":"product_brand","embeddable":true,"href":"https:\/\/loja.hunas.com.br\/index.php\/wp-json\/wp\/v2\/product_brand?post=2359"},{"taxonomy":"product_cat","embeddable":true,"href":"https:\/\/loja.hunas.com.br\/index.php\/wp-json\/wp\/v2\/product_cat?post=2359"},{"taxonomy":"product_tag","embeddable":true,"href":"https:\/\/loja.hunas.com.br\/index.php\/wp-json\/wp\/v2\/product_tag?post=2359"}],"curies":[{"name":"wp","href":"https:\/\/api.w.org\/{rel}","templated":true}]}}