{"id":2345,"date":"2025-02-13T18:28:27","date_gmt":"2025-02-13T21:28:27","guid":{"rendered":"https:\/\/loja.hunas.com.br\/index.php\/produto\/pulseira-escrava\/"},"modified":"2025-03-16T16:00:17","modified_gmt":"2025-03-16T19:00:17","slug":"pulseira-escrava","status":"publish","type":"product","link":"https:\/\/loja.hunas.com.br\/index.php\/produto\/pulseira-escrava\/","title":{"rendered":"Pulseira lisa"},"content":{"rendered":"<p>Nossa Pulseira lisa \u00e9 feita de alum\u00ednio, um material antioxidante, hipoalerg\u00eanico e f\u00e1cil de limpar.<\/p>\n","protected":false},"excerpt":{"rendered":"<p>Pulseira lisa feito de alum\u00ednio, um material que n\u00e3o enferruja, \u00e9 hipoalerg\u00eanico tornando-o seguro para peles sens\u00edveis e um material de f\u00e1cil limpeza.<\/p>\n","protected":false},"featured_media":2343,"comment_status":"open","ping_status":"closed","template":"","meta":[],"product_brand":[],"product_cat":[84],"product_tag":[68,57,60,70,69,64,72,71,53,32],"class_list":{"0":"post-2345","1":"product","2":"type-product","3":"status-publish","4":"has-post-thumbnail","6":"product_cat-pulseira-2","7":"product_tag-acessories-2","8":"product_tag-acessorio","9":"product_tag-aluminio","10":"product_tag-elegancia-2","11":"product_tag-estilo-2","12":"product_tag-hunas-acessorios","13":"product_tag-luxo-2","14":"product_tag-moda-2","15":"product_tag-pulseira","16":"product_tag-feitocomamor","18":"first","19":"instock","20":"shipping-taxable","21":"purchasable","22":"product-type-simple"},"aioseo_notices":[],"jetpack_sharing_enabled":true,"jetpack_likes_enabled":true,"_links":{"self":[{"href":"https:\/\/loja.hunas.com.br\/index.php\/wp-json\/wp\/v2\/product\/2345","targetHints":{"allow":["GET"]}}],"collection":[{"href":"https:\/\/loja.hunas.com.br\/index.php\/wp-json\/wp\/v2\/product"}],"about":[{"href":"https:\/\/loja.hunas.com.br\/index.php\/wp-json\/wp\/v2\/types\/product"}],"replies":[{"embeddable":true,"href":"https:\/\/loja.hunas.com.br\/index.php\/wp-json\/wp\/v2\/comments?post=2345"}],"wp:featuredmedia":[{"embeddable":true,"href":"https:\/\/loja.hunas.com.br\/index.php\/wp-json\/wp\/v2\/media\/2343"}],"wp:attachment":[{"href":"https:\/\/loja.hunas.com.br\/index.php\/wp-json\/wp\/v2\/media?parent=2345"}],"wp:term":[{"taxonomy":"product_brand","embeddable":true,"href":"https:\/\/loja.hunas.com.br\/index.php\/wp-json\/wp\/v2\/product_brand?post=2345"},{"taxonomy":"product_cat","embeddable":true,"href":"https:\/\/loja.hunas.com.br\/index.php\/wp-json\/wp\/v2\/product_cat?post=2345"},{"taxonomy":"product_tag","embeddable":true,"href":"https:\/\/loja.hunas.com.br\/index.php\/wp-json\/wp\/v2\/product_tag?post=2345"}],"curies":[{"name":"wp","href":"https:\/\/api.w.org\/{rel}","templated":true}]}}