{"id":2301,"date":"2025-02-08T15:17:50","date_gmt":"2025-02-08T18:17:50","guid":{"rendered":"https:\/\/loja.hunas.com.br\/index.php\/produto\/pulseira-roda\/"},"modified":"2025-02-08T15:17:50","modified_gmt":"2025-02-08T18:17:50","slug":"pulseira-roda","status":"publish","type":"product","link":"https:\/\/loja.hunas.com.br\/index.php\/produto\/pulseira-roda\/","title":{"rendered":"Pulseira Roda"},"content":{"rendered":"<p>Pulseira &#8220;Roda&#8221; feita em alum\u00ednio, material resistente e f\u00e1cil de limpar, al\u00e9m de ser antioxidante e hipoalerg\u00eanico.<\/p>\n","protected":false},"excerpt":{"rendered":"<p>Nossa pulseira &#8220;Roda&#8221; feita no alum\u00ednio, um material resistente, al\u00e9m de n\u00e3o enferrujar o alum\u00ednio \u00e9 hipoalerg\u00eanico, tornando-a segura para as peles mais sens\u00edveis. Com seu design moderno essa pulseira redonda \u00e9 perfeita para complementar qualquer look com eleg\u00e2ncia.<\/p>\n","protected":false},"featured_media":2298,"comment_status":"open","ping_status":"closed","template":"","meta":[],"product_brand":[],"product_cat":[84],"product_tag":[68,57,60,47,70,69,64,72,53],"class_list":{"0":"post-2301","1":"product","2":"type-product","3":"status-publish","4":"has-post-thumbnail","6":"product_cat-pulseira-2","7":"product_tag-acessories-2","8":"product_tag-acessorio","9":"product_tag-aluminio","10":"product_tag-bracelete","11":"product_tag-elegancia-2","12":"product_tag-estilo-2","13":"product_tag-hunas-acessorios","14":"product_tag-luxo-2","15":"product_tag-pulseira","17":"first","18":"instock","19":"shipping-taxable","20":"purchasable","21":"product-type-simple"},"aioseo_notices":[],"jetpack_sharing_enabled":true,"jetpack_likes_enabled":true,"_links":{"self":[{"href":"https:\/\/loja.hunas.com.br\/index.php\/wp-json\/wp\/v2\/product\/2301","targetHints":{"allow":["GET"]}}],"collection":[{"href":"https:\/\/loja.hunas.com.br\/index.php\/wp-json\/wp\/v2\/product"}],"about":[{"href":"https:\/\/loja.hunas.com.br\/index.php\/wp-json\/wp\/v2\/types\/product"}],"replies":[{"embeddable":true,"href":"https:\/\/loja.hunas.com.br\/index.php\/wp-json\/wp\/v2\/comments?post=2301"}],"wp:featuredmedia":[{"embeddable":true,"href":"https:\/\/loja.hunas.com.br\/index.php\/wp-json\/wp\/v2\/media\/2298"}],"wp:attachment":[{"href":"https:\/\/loja.hunas.com.br\/index.php\/wp-json\/wp\/v2\/media?parent=2301"}],"wp:term":[{"taxonomy":"product_brand","embeddable":true,"href":"https:\/\/loja.hunas.com.br\/index.php\/wp-json\/wp\/v2\/product_brand?post=2301"},{"taxonomy":"product_cat","embeddable":true,"href":"https:\/\/loja.hunas.com.br\/index.php\/wp-json\/wp\/v2\/product_cat?post=2301"},{"taxonomy":"product_tag","embeddable":true,"href":"https:\/\/loja.hunas.com.br\/index.php\/wp-json\/wp\/v2\/product_tag?post=2301"}],"curies":[{"name":"wp","href":"https:\/\/api.w.org\/{rel}","templated":true}]}}