{"id":2296,"date":"2025-02-08T12:10:55","date_gmt":"2025-02-08T15:10:55","guid":{"rendered":"https:\/\/loja.hunas.com.br\/index.php\/produto\/pulseira-elegancia\/"},"modified":"2025-02-08T12:10:55","modified_gmt":"2025-02-08T15:10:55","slug":"pulseira-elegancia","status":"publish","type":"product","link":"https:\/\/loja.hunas.com.br\/index.php\/produto\/pulseira-elegancia\/","title":{"rendered":"Pulseira Eleg\u00e2ncia"},"content":{"rendered":"<p>Nossa pulseira Eleg\u00e2ncia \u00e9 uma pulseira quadrada com as pontas arredondadas feita de alum\u00ednio, sendo um material f\u00e1cil de limpar, antioxidante e hipoalerg\u00eanico.<\/p>\n","protected":false},"excerpt":{"rendered":"<p>Nossa pulseira Eleg\u00e2ncia \u00e9 uma pulseira quadrada feita de alum\u00ednio, um material resistente que n\u00e3o oxida e nem enferruja e al\u00e9m disso o material \u00e9 hipoalerg\u00eanico tornando-a segura para as peles mais sens\u00edveis. Com seu design moderno e as pontas arredondadas, essa pulseira \u00e9 perfeita para complementar qualquer look com eleg\u00e2ncia.<\/p>\n","protected":false},"featured_media":2294,"comment_status":"open","ping_status":"closed","template":"","meta":[],"product_brand":[],"product_cat":[84],"product_tag":[68,60,70,69,63,72,53],"class_list":{"0":"post-2296","1":"product","2":"type-product","3":"status-publish","4":"has-post-thumbnail","6":"product_cat-pulseira-2","7":"product_tag-acessories-2","8":"product_tag-aluminio","9":"product_tag-elegancia-2","10":"product_tag-estilo-2","11":"product_tag-hunas-2","12":"product_tag-luxo-2","13":"product_tag-pulseira","15":"first","16":"instock","17":"purchasable","18":"product-type-simple"},"aioseo_notices":[],"jetpack_sharing_enabled":true,"jetpack_likes_enabled":true,"_links":{"self":[{"href":"https:\/\/loja.hunas.com.br\/index.php\/wp-json\/wp\/v2\/product\/2296","targetHints":{"allow":["GET"]}}],"collection":[{"href":"https:\/\/loja.hunas.com.br\/index.php\/wp-json\/wp\/v2\/product"}],"about":[{"href":"https:\/\/loja.hunas.com.br\/index.php\/wp-json\/wp\/v2\/types\/product"}],"replies":[{"embeddable":true,"href":"https:\/\/loja.hunas.com.br\/index.php\/wp-json\/wp\/v2\/comments?post=2296"}],"wp:featuredmedia":[{"embeddable":true,"href":"https:\/\/loja.hunas.com.br\/index.php\/wp-json\/wp\/v2\/media\/2294"}],"wp:attachment":[{"href":"https:\/\/loja.hunas.com.br\/index.php\/wp-json\/wp\/v2\/media?parent=2296"}],"wp:term":[{"taxonomy":"product_brand","embeddable":true,"href":"https:\/\/loja.hunas.com.br\/index.php\/wp-json\/wp\/v2\/product_brand?post=2296"},{"taxonomy":"product_cat","embeddable":true,"href":"https:\/\/loja.hunas.com.br\/index.php\/wp-json\/wp\/v2\/product_cat?post=2296"},{"taxonomy":"product_tag","embeddable":true,"href":"https:\/\/loja.hunas.com.br\/index.php\/wp-json\/wp\/v2\/product_tag?post=2296"}],"curies":[{"name":"wp","href":"https:\/\/api.w.org\/{rel}","templated":true}]}}