{"id":2287,"date":"2025-02-08T11:05:08","date_gmt":"2025-02-08T14:05:08","guid":{"rendered":"https:\/\/loja.hunas.com.br\/?post_type=product&#038;p=2287"},"modified":"2025-02-08T11:41:28","modified_gmt":"2025-02-08T14:41:28","slug":"colar-glamour","status":"publish","type":"product","link":"https:\/\/loja.hunas.com.br\/index.php\/produto\/colar-glamour\/","title":{"rendered":"Colar Glamour"},"content":{"rendered":"<p>Nosso colar Glamour \u00e9 feito de alum\u00ednio sendo um material leve e resistente, antioxidante e hipoalerg\u00eanico.<\/p>\n","protected":false},"excerpt":{"rendered":"<p>Nosso colar Glamour \u00e9 feito de alum\u00ednio, um material leve e resistente ideal para qualquer ocasi\u00e3o. O colar n\u00e3o enferruja e \u00e9 hipoalerg\u00eanico tornando-o seguro para peles sens\u00edveis. Al\u00e9m disso o alum\u00ednio \u00e9 f\u00e1cil de limpar e mant\u00e9m o brilho por muito tempo.<\/p>\n","protected":false},"featured_media":2292,"comment_status":"open","ping_status":"closed","template":"","meta":[],"product_brand":[],"product_cat":[83],"product_tag":[68,57,60,48,70,69,63,64,71],"class_list":{"0":"post-2287","1":"product","2":"type-product","3":"status-publish","4":"has-post-thumbnail","6":"product_cat-colar-2","7":"product_tag-acessories-2","8":"product_tag-acessorio","9":"product_tag-aluminio","10":"product_tag-colar","11":"product_tag-elegancia-2","12":"product_tag-estilo-2","13":"product_tag-hunas-2","14":"product_tag-hunas-acessorios","15":"product_tag-moda-2","17":"first","18":"instock","19":"shipping-taxable","20":"purchasable","21":"product-type-simple"},"aioseo_notices":[],"jetpack_sharing_enabled":true,"jetpack_likes_enabled":true,"_links":{"self":[{"href":"https:\/\/loja.hunas.com.br\/index.php\/wp-json\/wp\/v2\/product\/2287","targetHints":{"allow":["GET"]}}],"collection":[{"href":"https:\/\/loja.hunas.com.br\/index.php\/wp-json\/wp\/v2\/product"}],"about":[{"href":"https:\/\/loja.hunas.com.br\/index.php\/wp-json\/wp\/v2\/types\/product"}],"replies":[{"embeddable":true,"href":"https:\/\/loja.hunas.com.br\/index.php\/wp-json\/wp\/v2\/comments?post=2287"}],"wp:featuredmedia":[{"embeddable":true,"href":"https:\/\/loja.hunas.com.br\/index.php\/wp-json\/wp\/v2\/media\/2292"}],"wp:attachment":[{"href":"https:\/\/loja.hunas.com.br\/index.php\/wp-json\/wp\/v2\/media?parent=2287"}],"wp:term":[{"taxonomy":"product_brand","embeddable":true,"href":"https:\/\/loja.hunas.com.br\/index.php\/wp-json\/wp\/v2\/product_brand?post=2287"},{"taxonomy":"product_cat","embeddable":true,"href":"https:\/\/loja.hunas.com.br\/index.php\/wp-json\/wp\/v2\/product_cat?post=2287"},{"taxonomy":"product_tag","embeddable":true,"href":"https:\/\/loja.hunas.com.br\/index.php\/wp-json\/wp\/v2\/product_tag?post=2287"}],"curies":[{"name":"wp","href":"https:\/\/api.w.org\/{rel}","templated":true}]}}