{"id":2275,"date":"2025-02-07T15:30:00","date_gmt":"2025-02-07T18:30:00","guid":{"rendered":"https:\/\/loja.hunas.com.br\/?post_type=product&#038;p=2275"},"modified":"2025-02-08T10:49:11","modified_gmt":"2025-02-08T13:49:11","slug":"colar-assimetrico","status":"publish","type":"product","link":"https:\/\/loja.hunas.com.br\/index.php\/produto\/colar-assimetrico\/","title":{"rendered":"Colar Assim\u00e9trico"},"content":{"rendered":"<p>Colar assim\u00e9trico com um dos lados maior que o outro, feito de alum\u00ednio. Material leve e resistente, antioxidante, hipoalerg\u00eanico e f\u00e1cil de limpar.<\/p>\n","protected":false},"excerpt":{"rendered":"<p>Nosso colar assim\u00e9trico possui um dos lados maior que o outro, sendo leve e resistente o alum\u00ednio n\u00e3o enferruja e \u00e9 f\u00e1cil de limpar garantindo durabilidade. Al\u00e9m desses benef\u00edcios ele \u00e9 hipoalerg\u00eanico e n\u00e3o oxida, trazendo mais conforto na hora de us\u00e1-lo.<\/p>\n","protected":false},"featured_media":2274,"comment_status":"open","ping_status":"closed","template":"","meta":[],"product_brand":[],"product_cat":[83],"product_tag":[68,57,60,48,31,35,36,40],"class_list":{"0":"post-2275","1":"product","2":"type-product","3":"status-publish","4":"has-post-thumbnail","6":"product_cat-colar-2","7":"product_tag-acessories-2","8":"product_tag-acessorio","9":"product_tag-aluminio","10":"product_tag-colar","11":"product_tag-feitoamao","12":"product_tag-hunas_acessorios","13":"product_tag-londrina","14":"product_tag-moda","16":"first","17":"instock","18":"purchasable","19":"product-type-simple"},"aioseo_notices":[],"jetpack_sharing_enabled":true,"jetpack_likes_enabled":true,"_links":{"self":[{"href":"https:\/\/loja.hunas.com.br\/index.php\/wp-json\/wp\/v2\/product\/2275","targetHints":{"allow":["GET"]}}],"collection":[{"href":"https:\/\/loja.hunas.com.br\/index.php\/wp-json\/wp\/v2\/product"}],"about":[{"href":"https:\/\/loja.hunas.com.br\/index.php\/wp-json\/wp\/v2\/types\/product"}],"replies":[{"embeddable":true,"href":"https:\/\/loja.hunas.com.br\/index.php\/wp-json\/wp\/v2\/comments?post=2275"}],"wp:featuredmedia":[{"embeddable":true,"href":"https:\/\/loja.hunas.com.br\/index.php\/wp-json\/wp\/v2\/media\/2274"}],"wp:attachment":[{"href":"https:\/\/loja.hunas.com.br\/index.php\/wp-json\/wp\/v2\/media?parent=2275"}],"wp:term":[{"taxonomy":"product_brand","embeddable":true,"href":"https:\/\/loja.hunas.com.br\/index.php\/wp-json\/wp\/v2\/product_brand?post=2275"},{"taxonomy":"product_cat","embeddable":true,"href":"https:\/\/loja.hunas.com.br\/index.php\/wp-json\/wp\/v2\/product_cat?post=2275"},{"taxonomy":"product_tag","embeddable":true,"href":"https:\/\/loja.hunas.com.br\/index.php\/wp-json\/wp\/v2\/product_tag?post=2275"}],"curies":[{"name":"wp","href":"https:\/\/api.w.org\/{rel}","templated":true}]}}