{"id":2270,"date":"2025-02-01T18:04:57","date_gmt":"2025-02-01T21:04:57","guid":{"rendered":"https:\/\/loja.hunas.com.br\/index.php\/produto\/colar-mulher-maravilha\/"},"modified":"2025-02-08T15:50:56","modified_gmt":"2025-02-08T18:50:56","slug":"colar-mulher-maravilha","status":"publish","type":"product","link":"https:\/\/loja.hunas.com.br\/index.php\/produto\/colar-mulher-maravilha\/","title":{"rendered":"Colar Mulher Maravilha"},"content":{"rendered":"<p>Colar Mulher Maravilha feito de alum\u00ednio sendo um material leve, resistente, antioxidante e hipoalerg\u00eanico.<\/p>\n","protected":false},"excerpt":{"rendered":"<p>Nosso colar Mulher Maravilha feito de alum\u00ednio \u00e9 um material leve, dur\u00e1vel e perfeito para qualquer ocasi\u00e3o. Com um brilho \u00fanico, ele valoriza o visual e \u00e9 hipoalerg\u00eanico. Al\u00e9m disso, o alum\u00ednio \u00e9 resistente \u00e0 corros\u00e3o e f\u00e1cil de limpar, o que significa que voc\u00ea pode us\u00e1-lo sempre sem preocupa\u00e7\u00f5es.<\/p>\n","protected":false},"featured_media":2269,"comment_status":"open","ping_status":"closed","template":"","meta":[],"product_brand":[],"product_cat":[83],"product_tag":[68,57,60,48,70,63,64,72,71,31,32,34,35,36,37],"class_list":{"0":"post-2270","1":"product","2":"type-product","3":"status-publish","4":"has-post-thumbnail","6":"product_cat-colar-2","7":"product_tag-acessories-2","8":"product_tag-acessorio","9":"product_tag-aluminio","10":"product_tag-colar","11":"product_tag-elegancia-2","12":"product_tag-hunas-2","13":"product_tag-hunas-acessorios","14":"product_tag-luxo-2","15":"product_tag-moda-2","16":"product_tag-feitoamao","17":"product_tag-feitocomamor","18":"product_tag-hunas","19":"product_tag-hunas_acessorios","20":"product_tag-londrina","21":"product_tag-luxo","23":"first","24":"instock","25":"purchasable","26":"product-type-simple"},"aioseo_notices":[],"jetpack_sharing_enabled":true,"jetpack_likes_enabled":true,"_links":{"self":[{"href":"https:\/\/loja.hunas.com.br\/index.php\/wp-json\/wp\/v2\/product\/2270","targetHints":{"allow":["GET"]}}],"collection":[{"href":"https:\/\/loja.hunas.com.br\/index.php\/wp-json\/wp\/v2\/product"}],"about":[{"href":"https:\/\/loja.hunas.com.br\/index.php\/wp-json\/wp\/v2\/types\/product"}],"replies":[{"embeddable":true,"href":"https:\/\/loja.hunas.com.br\/index.php\/wp-json\/wp\/v2\/comments?post=2270"}],"wp:featuredmedia":[{"embeddable":true,"href":"https:\/\/loja.hunas.com.br\/index.php\/wp-json\/wp\/v2\/media\/2269"}],"wp:attachment":[{"href":"https:\/\/loja.hunas.com.br\/index.php\/wp-json\/wp\/v2\/media?parent=2270"}],"wp:term":[{"taxonomy":"product_brand","embeddable":true,"href":"https:\/\/loja.hunas.com.br\/index.php\/wp-json\/wp\/v2\/product_brand?post=2270"},{"taxonomy":"product_cat","embeddable":true,"href":"https:\/\/loja.hunas.com.br\/index.php\/wp-json\/wp\/v2\/product_cat?post=2270"},{"taxonomy":"product_tag","embeddable":true,"href":"https:\/\/loja.hunas.com.br\/index.php\/wp-json\/wp\/v2\/product_tag?post=2270"}],"curies":[{"name":"wp","href":"https:\/\/api.w.org\/{rel}","templated":true}]}}