{"id":2256,"date":"2024-11-14T12:37:26","date_gmt":"2024-11-14T15:37:26","guid":{"rendered":"https:\/\/loja.hunas.com.br\/?post_type=product&#038;p=2256"},"modified":"2025-03-15T09:35:59","modified_gmt":"2025-03-15T12:35:59","slug":"brinco-de-coracao","status":"publish","type":"product","link":"https:\/\/loja.hunas.com.br\/index.php\/produto\/brinco-de-coracao\/","title":{"rendered":"brinco de cora\u00e7\u00e3o"},"content":{"rendered":"<p>Os brincos em formato de cora\u00e7\u00e3o, feitos de alum\u00ednio, s\u00e3o uma express\u00e3o de estilo e charme, perfeitos para adicionar um toque rom\u00e2ntico e elegante ao seu visual. Seja para um look casual ou uma ocasi\u00e3o mais formal, esses brincos s\u00e3o uma escolha encantadora que certamente ir\u00e1 cativar olhares.<\/p>\n<p>comprimento: 2.5cm<\/p>\n","protected":false},"excerpt":{"rendered":"<p>Os brincos em formato de cora\u00e7\u00e3o, feitos de alum\u00ednio, s\u00e3o uma express\u00e3o de estilo e charme, perfeitos para adicionar um toque rom\u00e2ntico e elegante ao seu visual. Seja para um look casual ou uma ocasi\u00e3o mais formal, esses brincos s\u00e3o uma escolha encantadora que certamente ir\u00e1 cativar olhares. comprimento: 2.5cm<\/p>\n","protected":false},"featured_media":1998,"comment_status":"open","ping_status":"closed","template":"","meta":[],"product_brand":[],"product_cat":[85],"product_tag":[57,60,54,70,69,72,71,28,32,35,36],"class_list":{"0":"post-2256","1":"product","2":"type-product","3":"status-publish","4":"has-post-thumbnail","6":"product_cat-brinco-3","7":"product_tag-acessorio","8":"product_tag-aluminio","9":"product_tag-brinco-2","10":"product_tag-elegancia-2","11":"product_tag-estilo-2","12":"product_tag-luxo-2","13":"product_tag-moda-2","14":"product_tag-exclusividade","15":"product_tag-feitocomamor","16":"product_tag-hunas_acessorios","17":"product_tag-londrina","18":"product_shipping_class-todas","20":"first","21":"instock","22":"shipping-taxable","23":"purchasable","24":"product-type-simple"},"aioseo_notices":[],"jetpack_sharing_enabled":true,"jetpack_likes_enabled":true,"_links":{"self":[{"href":"https:\/\/loja.hunas.com.br\/index.php\/wp-json\/wp\/v2\/product\/2256","targetHints":{"allow":["GET"]}}],"collection":[{"href":"https:\/\/loja.hunas.com.br\/index.php\/wp-json\/wp\/v2\/product"}],"about":[{"href":"https:\/\/loja.hunas.com.br\/index.php\/wp-json\/wp\/v2\/types\/product"}],"replies":[{"embeddable":true,"href":"https:\/\/loja.hunas.com.br\/index.php\/wp-json\/wp\/v2\/comments?post=2256"}],"wp:featuredmedia":[{"embeddable":true,"href":"https:\/\/loja.hunas.com.br\/index.php\/wp-json\/wp\/v2\/media\/1998"}],"wp:attachment":[{"href":"https:\/\/loja.hunas.com.br\/index.php\/wp-json\/wp\/v2\/media?parent=2256"}],"wp:term":[{"taxonomy":"product_brand","embeddable":true,"href":"https:\/\/loja.hunas.com.br\/index.php\/wp-json\/wp\/v2\/product_brand?post=2256"},{"taxonomy":"product_cat","embeddable":true,"href":"https:\/\/loja.hunas.com.br\/index.php\/wp-json\/wp\/v2\/product_cat?post=2256"},{"taxonomy":"product_tag","embeddable":true,"href":"https:\/\/loja.hunas.com.br\/index.php\/wp-json\/wp\/v2\/product_tag?post=2256"}],"curies":[{"name":"wp","href":"https:\/\/api.w.org\/{rel}","templated":true}]}}