{"id":2249,"date":"2024-11-14T12:37:14","date_gmt":"2024-11-14T15:37:14","guid":{"rendered":"https:\/\/loja.hunas.com.br\/?post_type=product&#038;p=2249"},"modified":"2025-03-01T20:09:18","modified_gmt":"2025-03-01T23:09:18","slug":"colar-de-resina-com-musgo","status":"publish","type":"product","link":"https:\/\/loja.hunas.com.br\/index.php\/produto\/colar-de-resina-com-musgo\/","title":{"rendered":"colar de resina com musgo"},"content":{"rendered":"<p>colar ajust\u00e1vel de resina com musgo<\/p>\n<p>Este colar de resina com musgo \u00e9 uma verdadeira conex\u00e3o com a natureza. Cada pe\u00e7a captura a ess\u00eancia org\u00e2nica e a beleza natural do musgo, trazendo consigo um pedacinho da natureza para o seu dia a dia. Use esta pe\u00e7a com confian\u00e7a, sabendo que voc\u00ea est\u00e1 exibindo uma express\u00e3o aut\u00eantica de estilo e originalidade, que reflete sua liga\u00e7\u00e3o com o mundo natural.<\/p>\n","protected":false},"excerpt":{"rendered":"<p>colar ajust\u00e1vel de resina com musgo Este colar de resina com musgo \u00e9 uma verdadeira conex\u00e3o com a natureza. Cada pe\u00e7a captura a ess\u00eancia org\u00e2nica e a beleza natural do musgo, trazendo consigo um pedacinho da natureza para o seu dia a dia. Use esta pe\u00e7a com confian\u00e7a, sabendo que voc\u00ea est\u00e1 exibindo uma express\u00e3o [&hellip;]<\/p>\n","protected":false},"featured_media":1978,"comment_status":"open","ping_status":"closed","template":"","meta":[],"product_brand":[],"product_cat":[83],"product_tag":[57,48,59,26,27,28,32,35,36,37,40],"class_list":{"0":"post-2249","1":"product","2":"type-product","3":"status-publish","4":"has-post-thumbnail","6":"product_cat-colar-2","7":"product_tag-acessorio","8":"product_tag-colar","9":"product_tag-resina","10":"product_tag-elegancia","11":"product_tag-estilo","12":"product_tag-exclusividade","13":"product_tag-feitocomamor","14":"product_tag-hunas_acessorios","15":"product_tag-londrina","16":"product_tag-luxo","17":"product_tag-moda","19":"first","20":"instock","21":"shipping-taxable","22":"purchasable","23":"product-type-simple"},"aioseo_notices":[],"jetpack_sharing_enabled":true,"jetpack_likes_enabled":true,"_links":{"self":[{"href":"https:\/\/loja.hunas.com.br\/index.php\/wp-json\/wp\/v2\/product\/2249","targetHints":{"allow":["GET"]}}],"collection":[{"href":"https:\/\/loja.hunas.com.br\/index.php\/wp-json\/wp\/v2\/product"}],"about":[{"href":"https:\/\/loja.hunas.com.br\/index.php\/wp-json\/wp\/v2\/types\/product"}],"replies":[{"embeddable":true,"href":"https:\/\/loja.hunas.com.br\/index.php\/wp-json\/wp\/v2\/comments?post=2249"}],"wp:featuredmedia":[{"embeddable":true,"href":"https:\/\/loja.hunas.com.br\/index.php\/wp-json\/wp\/v2\/media\/1978"}],"wp:attachment":[{"href":"https:\/\/loja.hunas.com.br\/index.php\/wp-json\/wp\/v2\/media?parent=2249"}],"wp:term":[{"taxonomy":"product_brand","embeddable":true,"href":"https:\/\/loja.hunas.com.br\/index.php\/wp-json\/wp\/v2\/product_brand?post=2249"},{"taxonomy":"product_cat","embeddable":true,"href":"https:\/\/loja.hunas.com.br\/index.php\/wp-json\/wp\/v2\/product_cat?post=2249"},{"taxonomy":"product_tag","embeddable":true,"href":"https:\/\/loja.hunas.com.br\/index.php\/wp-json\/wp\/v2\/product_tag?post=2249"}],"curies":[{"name":"wp","href":"https:\/\/api.w.org\/{rel}","templated":true}]}}