{"id":2243,"date":"2024-11-14T12:37:03","date_gmt":"2024-11-14T15:37:03","guid":{"rendered":"https:\/\/loja.hunas.com.br\/?post_type=product&#038;p=2243"},"modified":"2025-03-01T20:08:05","modified_gmt":"2025-03-01T23:08:05","slug":"colar-com-pingente-de-resina-dente-de-leao","status":"publish","type":"product","link":"https:\/\/loja.hunas.com.br\/index.php\/produto\/colar-com-pingente-de-resina-dente-de-leao\/","title":{"rendered":"colar com pingente de resina &#8211; dente de le\u00e3o"},"content":{"rendered":"<p>colar ajust\u00e1vel com pingente de resina &#8211; dente de le\u00e3o<\/p>\n<p>Os colares de resina com dente de le\u00e3o s\u00e3o verdadeiras representa\u00e7\u00f5es da leveza e beleza da natureza. Cada delicada semente de dente de le\u00e3o preservada na resina evoca uma sensa\u00e7\u00e3o de liberdade e encantamento. Esses colares capturam a ess\u00eancia ef\u00eamera do dente de le\u00e3o, simbolizando a esperan\u00e7a, os desejos e a renova\u00e7\u00e3o. Ao usar um colar de resina com dente de le\u00e3o, voc\u00ea carrega consigo n\u00e3o apenas um acess\u00f3rio encantador, mas tamb\u00e9m uma mensagem de otimismo e positividade. Esteja preparado para atrair olhares admirados e transmitir uma aura de delicadeza e sofistica\u00e7\u00e3o.<\/p>\n","protected":false},"excerpt":{"rendered":"<p>colar ajust\u00e1vel com pingente de resina &#8211; dente de le\u00e3o Os colares de resina com dente de le\u00e3o s\u00e3o verdadeiras representa\u00e7\u00f5es da leveza e beleza da natureza. Cada delicada semente de dente de le\u00e3o preservada na resina evoca uma sensa\u00e7\u00e3o de liberdade e encantamento. Esses colares capturam a ess\u00eancia ef\u00eamera do dente de le\u00e3o, simbolizando [&hellip;]<\/p>\n","protected":false},"featured_media":1963,"comment_status":"open","ping_status":"closed","template":"","meta":[],"product_brand":[],"product_cat":[83],"product_tag":[57,48,70,69,72,71,59,28,32,35,36],"class_list":{"0":"post-2243","1":"product","2":"type-product","3":"status-publish","4":"has-post-thumbnail","6":"product_cat-colar-2","7":"product_tag-acessorio","8":"product_tag-colar","9":"product_tag-elegancia-2","10":"product_tag-estilo-2","11":"product_tag-luxo-2","12":"product_tag-moda-2","13":"product_tag-resina","14":"product_tag-exclusividade","15":"product_tag-feitocomamor","16":"product_tag-hunas_acessorios","17":"product_tag-londrina","19":"first","20":"instock","21":"shipping-taxable","22":"purchasable","23":"product-type-simple"},"aioseo_notices":[],"jetpack_sharing_enabled":true,"jetpack_likes_enabled":true,"_links":{"self":[{"href":"https:\/\/loja.hunas.com.br\/index.php\/wp-json\/wp\/v2\/product\/2243","targetHints":{"allow":["GET"]}}],"collection":[{"href":"https:\/\/loja.hunas.com.br\/index.php\/wp-json\/wp\/v2\/product"}],"about":[{"href":"https:\/\/loja.hunas.com.br\/index.php\/wp-json\/wp\/v2\/types\/product"}],"replies":[{"embeddable":true,"href":"https:\/\/loja.hunas.com.br\/index.php\/wp-json\/wp\/v2\/comments?post=2243"}],"wp:featuredmedia":[{"embeddable":true,"href":"https:\/\/loja.hunas.com.br\/index.php\/wp-json\/wp\/v2\/media\/1963"}],"wp:attachment":[{"href":"https:\/\/loja.hunas.com.br\/index.php\/wp-json\/wp\/v2\/media?parent=2243"}],"wp:term":[{"taxonomy":"product_brand","embeddable":true,"href":"https:\/\/loja.hunas.com.br\/index.php\/wp-json\/wp\/v2\/product_brand?post=2243"},{"taxonomy":"product_cat","embeddable":true,"href":"https:\/\/loja.hunas.com.br\/index.php\/wp-json\/wp\/v2\/product_cat?post=2243"},{"taxonomy":"product_tag","embeddable":true,"href":"https:\/\/loja.hunas.com.br\/index.php\/wp-json\/wp\/v2\/product_tag?post=2243"}],"curies":[{"name":"wp","href":"https:\/\/api.w.org\/{rel}","templated":true}]}}