{"id":2233,"date":"2024-11-14T12:36:44","date_gmt":"2024-11-14T15:36:44","guid":{"rendered":"https:\/\/loja.hunas.com.br\/?post_type=product&#038;p=2233"},"modified":"2025-03-01T21:39:37","modified_gmt":"2025-03-02T00:39:37","slug":"colar-com-pingente-de-coracao","status":"publish","type":"product","link":"https:\/\/loja.hunas.com.br\/index.php\/produto\/colar-com-pingente-de-coracao\/","title":{"rendered":"colar com pingente de cora\u00e7\u00e3o"},"content":{"rendered":"<p>colar ajust\u00e1vel com pingente de cora\u00e7\u00e3o de alum\u00ednio<\/p>\n","protected":false},"excerpt":{"rendered":"<p>colar ajust\u00e1vel com pingente de cora\u00e7\u00e3o de alum\u00ednio<\/p>\n","protected":false},"featured_media":1936,"comment_status":"open","ping_status":"closed","template":"","meta":[],"product_brand":[],"product_cat":[83],"product_tag":[57,60,48,70,69,64,72,71,32],"class_list":{"0":"post-2233","1":"product","2":"type-product","3":"status-publish","4":"has-post-thumbnail","6":"product_cat-colar-2","7":"product_tag-acessorio","8":"product_tag-aluminio","9":"product_tag-colar","10":"product_tag-elegancia-2","11":"product_tag-estilo-2","12":"product_tag-hunas-acessorios","13":"product_tag-luxo-2","14":"product_tag-moda-2","15":"product_tag-feitocomamor","17":"first","18":"instock","19":"shipping-taxable","20":"purchasable","21":"product-type-simple"},"aioseo_notices":[],"jetpack_sharing_enabled":true,"jetpack_likes_enabled":true,"_links":{"self":[{"href":"https:\/\/loja.hunas.com.br\/index.php\/wp-json\/wp\/v2\/product\/2233","targetHints":{"allow":["GET"]}}],"collection":[{"href":"https:\/\/loja.hunas.com.br\/index.php\/wp-json\/wp\/v2\/product"}],"about":[{"href":"https:\/\/loja.hunas.com.br\/index.php\/wp-json\/wp\/v2\/types\/product"}],"replies":[{"embeddable":true,"href":"https:\/\/loja.hunas.com.br\/index.php\/wp-json\/wp\/v2\/comments?post=2233"}],"wp:featuredmedia":[{"embeddable":true,"href":"https:\/\/loja.hunas.com.br\/index.php\/wp-json\/wp\/v2\/media\/1936"}],"wp:attachment":[{"href":"https:\/\/loja.hunas.com.br\/index.php\/wp-json\/wp\/v2\/media?parent=2233"}],"wp:term":[{"taxonomy":"product_brand","embeddable":true,"href":"https:\/\/loja.hunas.com.br\/index.php\/wp-json\/wp\/v2\/product_brand?post=2233"},{"taxonomy":"product_cat","embeddable":true,"href":"https:\/\/loja.hunas.com.br\/index.php\/wp-json\/wp\/v2\/product_cat?post=2233"},{"taxonomy":"product_tag","embeddable":true,"href":"https:\/\/loja.hunas.com.br\/index.php\/wp-json\/wp\/v2\/product_tag?post=2233"}],"curies":[{"name":"wp","href":"https:\/\/api.w.org\/{rel}","templated":true}]}}