{"id":2212,"date":"2024-11-14T12:36:03","date_gmt":"2024-11-14T15:36:03","guid":{"rendered":"https:\/\/loja.hunas.com.br\/?post_type=product&#038;p=2212"},"modified":"2025-03-01T21:41:20","modified_gmt":"2025-03-02T00:41:20","slug":"colar-aluminio-mulher-maravilha","status":"publish","type":"product","link":"https:\/\/loja.hunas.com.br\/index.php\/produto\/colar-aluminio-mulher-maravilha\/","title":{"rendered":"Colar alum\u00ednio mulher maravilha."},"content":{"rendered":"<p>Colar alum\u00ednio mulher maravilha.<\/p>\n<p><span style=\"font-family:S\u00f6hne,ui-sans-serif,system-ui,-apple-system,\">Realce sua for\u00e7a com o colar em alum\u00ednio estilo Mulher Maravilha! Elegante e poderoso, celebre sua ess\u00eancia \u00fanica. Seja incr\u00edvel!<\/span><\/p>\n","protected":false},"excerpt":{"rendered":"<p>Colar alum\u00ednio mulher maravilha.<\/p>\n<p><span style=\"font-family:S\u00f6hne,ui-sans-serif,system-ui,-apple-system,\">Realce sua for\u00e7a interior com o colar em alum\u00ednio inspirado na Mulher Maravilha! Feito com materiais de alta qualidade, este colar elegante e poderoso \u00e9 o acess\u00f3rio perfeito para todas as mulheres incr\u00edveis por a\u00ed. Sinta-se empoderada e confiante ao usar esse colar \u00fanico que celebra a sua pr\u00f3pria ess\u00eancia. Seja uma verdadeira Mulher Maravilha e adquira o seu agora!<\/span><\/p>\n<p>Produto artesanal.<\/p>\n<p>Qualquer d\u00favida entrar em contato pelo <a href=\"https:\/\/wa.me\/5543984874285?text=Hunas+Acess%C3%B3rios.\">WhatsApp<\/a> ou <a href=\"https:\/\/www.instagram.com\/hunas_acessorios\/\">Instagram<\/a>.<\/p>\n","protected":false},"featured_media":1824,"comment_status":"open","ping_status":"closed","template":"","meta":[],"product_brand":[],"product_cat":[83],"product_tag":[68,57,48,70,69,63,64,72,71,59],"class_list":{"0":"post-2212","1":"product","2":"type-product","3":"status-publish","4":"has-post-thumbnail","6":"product_cat-colar-2","7":"product_tag-acessories-2","8":"product_tag-acessorio","9":"product_tag-colar","10":"product_tag-elegancia-2","11":"product_tag-estilo-2","12":"product_tag-hunas-2","13":"product_tag-hunas-acessorios","14":"product_tag-luxo-2","15":"product_tag-moda-2","16":"product_tag-resina","18":"first","19":"outofstock","20":"purchasable","21":"product-type-simple"},"aioseo_notices":[],"jetpack_sharing_enabled":true,"jetpack_likes_enabled":true,"_links":{"self":[{"href":"https:\/\/loja.hunas.com.br\/index.php\/wp-json\/wp\/v2\/product\/2212","targetHints":{"allow":["GET"]}}],"collection":[{"href":"https:\/\/loja.hunas.com.br\/index.php\/wp-json\/wp\/v2\/product"}],"about":[{"href":"https:\/\/loja.hunas.com.br\/index.php\/wp-json\/wp\/v2\/types\/product"}],"replies":[{"embeddable":true,"href":"https:\/\/loja.hunas.com.br\/index.php\/wp-json\/wp\/v2\/comments?post=2212"}],"wp:featuredmedia":[{"embeddable":true,"href":"https:\/\/loja.hunas.com.br\/index.php\/wp-json\/wp\/v2\/media\/1824"}],"wp:attachment":[{"href":"https:\/\/loja.hunas.com.br\/index.php\/wp-json\/wp\/v2\/media?parent=2212"}],"wp:term":[{"taxonomy":"product_brand","embeddable":true,"href":"https:\/\/loja.hunas.com.br\/index.php\/wp-json\/wp\/v2\/product_brand?post=2212"},{"taxonomy":"product_cat","embeddable":true,"href":"https:\/\/loja.hunas.com.br\/index.php\/wp-json\/wp\/v2\/product_cat?post=2212"},{"taxonomy":"product_tag","embeddable":true,"href":"https:\/\/loja.hunas.com.br\/index.php\/wp-json\/wp\/v2\/product_tag?post=2212"}],"curies":[{"name":"wp","href":"https:\/\/api.w.org\/{rel}","templated":true}]}}