{"id":2,"date":"2020-09-17T21:13:27","date_gmt":"2020-09-18T00:13:27","guid":{"rendered":"http:\/\/loja.hunas.com.br\/?page_id=2"},"modified":"2025-03-09T20:24:28","modified_gmt":"2025-03-09T23:24:28","slug":"pagina-exemplo","status":"publish","type":"page","link":"https:\/\/loja.hunas.com.br\/index.php\/pagina-exemplo\/","title":{"rendered":"Quem Somos?"},"content":{"rendered":"\n<p><strong>Quem Somos?<\/strong><\/p>\n\n\n\n<p><strong>Hunas Artes e Acess\u00f3rios<\/strong><br><em>by Helena Gomes<\/em><\/p>\n\n\n\n<p><strong>A Nossa Hist\u00f3ria\u2026<\/strong><\/p>\n\n\n\n<p>A paix\u00e3o por unir trabalho e criatividade sempre pulsou dentro de mim\u2026 Compreendi que a verdadeira mudan\u00e7a acontece quando colocamos nossos prop\u00f3sitos em pr\u00e1tica, compartilhando-os com generosidade, coletividade, respeito e amor.<\/p>\n\n\n\n<p>Sou brasileira e sou do mundo \u2014 minha alma, meus pensamentos e meu cora\u00e7\u00e3o est\u00e3o conectados a todas as experi\u00eancias que a vida me proporciona.<\/p>\n\n\n\n<p>E assim nasceu a <strong>Hunas<\/strong>, uma marca de acess\u00f3rios que celebra o Amor, a natureza, o upcycling e o handmade. Cada pe\u00e7a \u00e9 criada com aten\u00e7\u00e3o minuciosa, unindo sonho e emo\u00e7\u00e3o, enquanto incorporo princ\u00edpios humanos, sustent\u00e1veis e ecol\u00f3gicos\u2026<br>O resultado?<br>A singularidade de cada item, que transmite a ess\u00eancia de quem ama o que faz.<\/p>\n\n\n\n<p>Os acess\u00f3rios Hunas dialogam com a for\u00e7a e a pluralidade do elemento natural, refletindo sobre espiritualidade e beleza nos corpos femininos.<\/p>\n\n\n\n<p>Atualmente, estou construindo uma identidade \u00fanica e vers\u00e1til para a <strong>Hunas Acess\u00f3rios de Estilo<\/strong>, fundamentada na uni\u00e3o de ideias, acertos e refer\u00eancias que trilham o caminho do slow fashion.<\/p>\n\n\n\n<p>Acredito que somos muitos \u2014 parceiros, amigos e clientes \u2014 todos conectados por uma moda diferenciada, que resgata nuances do passado enquanto abra\u00e7a o sustent\u00e1vel.<\/p>\n\n\n\n<p>Nossa narrativa \u00e9 atemporal, onde o futuro se torna uma extens\u00e3o do presente.<\/p>\n\n\n\n<p><strong>Hunas: A Marca\u2026<\/strong><\/p>\n\n\n\n<p>Criar, inventar e reinventar s\u00e3o os pilares da nossa ess\u00eancia. Cada produto com a assinatura Hunas \u00e9 desenvolvido em um mix infinito de mat\u00e9rias-primas naturais, respeitando os princ\u00edpios de sustentabilidade, res\u00edduo zero e humanidade.<\/p>\n\n\n\n<p>Os acess\u00f3rios Hunas s\u00e3o mais do que simples pe\u00e7as; eles representam uma comunica\u00e7\u00e3o subjetiva para as mulheres em seu tempo.<\/p>\n\n\n\n<p>Nossa exist\u00eancia \u00e9 alicer\u00e7ada na for\u00e7a cultural, qualidade, respeito e amor \u2014 elementos fundamentais que conferem identidade, valor e prop\u00f3sito a cada pe\u00e7a desenvolvida.<\/p>\n\n\n\n<p><strong>Um Olhar Diferenciado\u2026<\/strong><\/p>\n\n\n\n<p>Acredito em uma moda diferente: uma moda que valoriza quem produz e promove reflex\u00e3o sobre nossas escolhas\u2026 Uma moda sustentada por confian\u00e7a, parceria e colabora\u00e7\u00e3o, ao inv\u00e9s de competi\u00e7\u00e3o\u2026 acredito que cada um \u00e9 \u00fanico em sua ess\u00eancia!<\/p>\n\n\n\n<p>Os pr\u00f3ximos passos nos levam para longe dos estere\u00f3tipos do passado, provocando um di\u00e1logo sobre a est\u00e9tica deste novo momento.<\/p>\n\n\n\n<p>Mais do que respostas prontas, a marca Hunas prop\u00f5e reflex\u00f5es em torno da quest\u00e3o central: como ser\u00e1 o futuro imperfeito e a livre express\u00e3o da mulher em sintonia com uma moda que ela escolhe para si mesma?<\/p>\n","protected":false},"excerpt":{"rendered":"<p>Quem Somos? Hunas Artes e Acess\u00f3riosby Helena Gomes A Nossa Hist\u00f3ria\u2026 A paix\u00e3o por unir trabalho e criatividade sempre pulsou dentro de mim\u2026 Compreendi que a verdadeira mudan\u00e7a acontece quando colocamos nossos prop\u00f3sitos em pr\u00e1tica, compartilhando-os com generosidade, coletividade, respeito e amor. Sou brasileira e sou do mundo \u2014 minha alma, meus pensamentos e meu [&hellip;]<\/p>\n","protected":false},"author":1,"featured_media":0,"parent":0,"menu_order":0,"comment_status":"closed","ping_status":"open","template":"","meta":{"footnotes":""},"class_list":["post-2","page","type-page","status-publish","hentry"],"aioseo_notices":[],"jetpack_sharing_enabled":true,"jetpack_likes_enabled":true,"jetpack_shortlink":"https:\/\/wp.me\/PgCj7P-2","_links":{"self":[{"href":"https:\/\/loja.hunas.com.br\/index.php\/wp-json\/wp\/v2\/pages\/2","targetHints":{"allow":["GET"]}}],"collection":[{"href":"https:\/\/loja.hunas.com.br\/index.php\/wp-json\/wp\/v2\/pages"}],"about":[{"href":"https:\/\/loja.hunas.com.br\/index.php\/wp-json\/wp\/v2\/types\/page"}],"author":[{"embeddable":true,"href":"https:\/\/loja.hunas.com.br\/index.php\/wp-json\/wp\/v2\/users\/1"}],"replies":[{"embeddable":true,"href":"https:\/\/loja.hunas.com.br\/index.php\/wp-json\/wp\/v2\/comments?post=2"}],"version-history":[{"count":4,"href":"https:\/\/loja.hunas.com.br\/index.php\/wp-json\/wp\/v2\/pages\/2\/revisions"}],"predecessor-version":[{"id":2471,"href":"https:\/\/loja.hunas.com.br\/index.php\/wp-json\/wp\/v2\/pages\/2\/revisions\/2471"}],"wp:attachment":[{"href":"https:\/\/loja.hunas.com.br\/index.php\/wp-json\/wp\/v2\/media?parent=2"}],"curies":[{"name":"wp","href":"https:\/\/api.w.org\/{rel}","templated":true}]}}